{"id":144,"date":"2017-09-19T15:38:52","date_gmt":"2017-09-19T13:38:52","guid":{"rendered":"https:\/\/www.police-vs.ch\/product\/polizei-medaille\/"},"modified":"2025-05-23T16:18:06","modified_gmt":"2025-05-23T14:18:06","slug":"polizei-medaille","status":"publish","type":"product","link":"https:\/\/shop.policevalais.ch\/de\/produkt\/polizei-medaille\/","title":{"rendered":"Polizei-Medaille"},"content":{"rendered":"<p>M\u00e9daille \u00ab\u00a0ancien costume gendarme\u00a0\u00bb Police en relief double-face, m\u00e9tal argent\u00e9 patin\u00e9 vieil argent, 50mm de diam\u00e8tre. Ins\u00e9rtion d\u2019\u00e9mail synth\u00e9tique rouge et blanc dans le drapeau.<\/p>\n","protected":false},"excerpt":{"rendered":"<p>Medaille Polizei in relief beidseitig<\/p>\n","protected":false},"featured_media":94,"template":"","meta":[],"product_brand":[],"product_cat":[17],"product_tag":[],"class_list":{"0":"post-144","1":"product","2":"type-product","3":"status-publish","4":"has-post-thumbnail","6":"product_cat-marketing-artikel","8":"first","9":"instock","10":"shipping-taxable","11":"purchasable","12":"product-type-simple"},"_links":{"self":[{"href":"https:\/\/shop.policevalais.ch\/de\/wp-json\/wp\/v2\/product\/144","targetHints":{"allow":["GET"]}}],"collection":[{"href":"https:\/\/shop.policevalais.ch\/de\/wp-json\/wp\/v2\/product"}],"about":[{"href":"https:\/\/shop.policevalais.ch\/de\/wp-json\/wp\/v2\/types\/product"}],"wp:featuredmedia":[{"embeddable":true,"href":"https:\/\/shop.policevalais.ch\/de\/wp-json\/wp\/v2\/media\/94"}],"wp:attachment":[{"href":"https:\/\/shop.policevalais.ch\/de\/wp-json\/wp\/v2\/media?parent=144"}],"wp:term":[{"taxonomy":"product_brand","embeddable":true,"href":"https:\/\/shop.policevalais.ch\/de\/wp-json\/wp\/v2\/product_brand?post=144"},{"taxonomy":"product_cat","embeddable":true,"href":"https:\/\/shop.policevalais.ch\/de\/wp-json\/wp\/v2\/product_cat?post=144"},{"taxonomy":"product_tag","embeddable":true,"href":"https:\/\/shop.policevalais.ch\/de\/wp-json\/wp\/v2\/product_tag?post=144"}],"curies":[{"name":"wp","href":"https:\/\/api.w.org\/{rel}","templated":true}]}}