{"id":141,"date":"2017-09-20T07:56:19","date_gmt":"2017-09-20T05:56:19","guid":{"rendered":"https:\/\/www.police-vs.ch\/product\/6-weissweinglaser-in-holzbox\/"},"modified":"2024-12-21T12:48:35","modified_gmt":"2024-12-21T11:48:35","slug":"6-weissweinglaser-in-holzbox","status":"publish","type":"product","link":"https:\/\/shop.policevalais.ch\/de\/produkt\/6-weissweinglaser-in-holzbox\/","title":{"rendered":"6 Weissweingl\u00e4ser in Holzbox"},"content":{"rendered":"<p>Weissweingl\u00e4ser mit dem Logo &#8222;Police&#8220; in einer Holzbox ebenfalls mit dem Logo beschriftet. Eine Box besteht au 6 Gl\u00e4ser.<\/p>\n","protected":false},"excerpt":{"rendered":"<p>Weissweingl\u00e4ser mit dem Logo &#8222;Police&#8220; in einer Holzbox ebenfalls mit dem Logo beschriftet. Eine Box besteht au 6 Gl\u00e4ser.<\/p>\n","protected":false},"featured_media":130,"template":"","meta":[],"product_brand":[],"product_cat":[17],"product_tag":[],"class_list":{"0":"post-141","1":"product","2":"type-product","3":"status-publish","4":"has-post-thumbnail","6":"product_cat-marketing-artikel","8":"first","9":"instock","10":"shipping-taxable","11":"purchasable","12":"product-type-simple"},"_links":{"self":[{"href":"https:\/\/shop.policevalais.ch\/de\/wp-json\/wp\/v2\/product\/141","targetHints":{"allow":["GET"]}}],"collection":[{"href":"https:\/\/shop.policevalais.ch\/de\/wp-json\/wp\/v2\/product"}],"about":[{"href":"https:\/\/shop.policevalais.ch\/de\/wp-json\/wp\/v2\/types\/product"}],"wp:featuredmedia":[{"embeddable":true,"href":"https:\/\/shop.policevalais.ch\/de\/wp-json\/wp\/v2\/media\/130"}],"wp:attachment":[{"href":"https:\/\/shop.policevalais.ch\/de\/wp-json\/wp\/v2\/media?parent=141"}],"wp:term":[{"taxonomy":"product_brand","embeddable":true,"href":"https:\/\/shop.policevalais.ch\/de\/wp-json\/wp\/v2\/product_brand?post=141"},{"taxonomy":"product_cat","embeddable":true,"href":"https:\/\/shop.policevalais.ch\/de\/wp-json\/wp\/v2\/product_cat?post=141"},{"taxonomy":"product_tag","embeddable":true,"href":"https:\/\/shop.policevalais.ch\/de\/wp-json\/wp\/v2\/product_tag?post=141"}],"curies":[{"name":"wp","href":"https:\/\/api.w.org\/{rel}","templated":true}]}}