{"id":272,"date":"2017-09-25T13:01:26","date_gmt":"2017-09-25T11:01:26","guid":{"rendered":"https:\/\/www.police-vs.ch\/?page_id=272"},"modified":"2017-09-26T16:16:57","modified_gmt":"2017-09-26T14:16:57","slug":"rechtliches","status":"publish","type":"page","link":"https:\/\/shop.policevalais.ch\/de\/rechtliches\/","title":{"rendered":"Rechtliches"},"content":{"rendered":"<h2 class=\"uppercase\">rechtliches<\/h2>\n\t<div id=\"gap-808166812\" class=\"gap-element clearfix\" style=\"display:block; height:auto;\">\n\t\t\n<style>\n#gap-808166812 {\n  padding-top: 40px;\n}\n<\/style>\n\t<\/div>\n\t\n<div class=\"rte\"><\/div>\n<div class=\"row\"  id=\"row-1772059689\">\n\n\t<div id=\"col-128762831\" class=\"col medium-6 small-12 large-6\"  >\n\t\t\t\t<div class=\"col-inner\"  >\n\t\t\t\n\t\t\t\n<h3>Datenschutz<\/h3>\n<p>Bei der Benutzung dieser Website werden pers\u00f6nliche Daten nur im Zusammenhang mit der Erbringung einer von Ihnen gew\u00fcnschten Dienstleistung (z.B. Bestellung, E-Mail-Anfrage) erhoben. Diese Daten werden zur Erbringung der Dienstleistung verwendet und nicht an Dritte weitergegeben. F\u00fcr die Verbesserung unseres Angebotes k\u00f6nnen statistische Daten erhoben und ausgewertet werden. Diese Daten sind jedoch anonymisiert und geben ausschliesslich Auskunft \u00fcber generelles Nutzerverhalten.<\/p>\n\t\t<\/div>\n\t\t\t\t\t<\/div>\n\n\t\n\n\t<div id=\"col-464299386\" class=\"col medium-6 small-12 large-6\"  >\n\t\t\t\t<div class=\"col-inner\"  >\n\t\t\t\n\t\t\t\n<h3>Datensicherheit<\/h3>\n<p>Ihre pers\u00f6nlichen Daten werden bei uns sicher durch Verschl\u00fcsselung \u00fcbertragen. Dies gilt f\u00fcr Ihre Bestellung und auch f\u00fcr das Kundenlogin. Wir bedienen uns dabei des Codierungssystems SSL (Secure Socket Layer). Zwar kann niemand einen absoluten Schutz garantieren. Wir sichern unsere Webseite und sonstige Systeme jedoch durch technische und organisatorische Massnahmen gegen Verlust, Zerst\u00f6rung, Zugriff, Ver\u00e4nderung oder Verbreitung Ihrer Daten durch unbefugte Personen ab.<\/p>\n\t\t<\/div>\n\t\t\t\t\t<\/div>\n\n\t\n<\/div>\n<div class=\"row\"  id=\"row-913480130\">\n\n\t<div id=\"col-991962149\" class=\"col medium-6 small-12 large-6\"  >\n\t\t\t\t<div class=\"col-inner\"  >\n\t\t\t\n\t\t\t\n<h3>Cookies<\/h3>\n<p>Unser Onlineshop verwendet sogenannte \u00abCookies\u00bb. Cookies erm\u00f6glichen es, Ihnen Komfortfunktionen wie die Speicherung und den sp\u00e4teren Wiederaufruf eines von Ihnen zusammengestellten Warenkorbs oder auf Ihren Wunsch ein vereinfachtes Login (sogenanntes \u00abAuto-Login\u00bb) anzubieten. Cookies dienen dar\u00fcber hinaus der Auswertung des allgemeinen Besucherverhaltens und werden keiner bestimmten Person zugeordnet.<\/p>\n\t\t<\/div>\n\t\t\t\t\t<\/div>\n\n\t\n\n\t<div id=\"col-25224592\" class=\"col medium-6 small-12 large-6\"  >\n\t\t\t\t<div class=\"col-inner\"  >\n\t\t\t\n\t\t\t\n<h3>Haftungsausschluss<\/h3>\n<p>Die Inhalte dieser Website stellen ein unverbindliches Informationsangebot dar. Obwohl die Informationen regelm\u00e4ssig auf Richtigkeit und Aktualit\u00e4t hin gepr\u00fcft werden, lehnen wir jede Haftung f\u00fcr unerw\u00fcnschte Folgen aus dem Gebrauch dieser Informationen ab.<\/p>\n<p>Von unserer Haftung ausgeschlossen ist die Garantie f\u00fcr die st\u00e4ndige Verf\u00fcgbarkeit unseres Online-Angebotes sowie Sch\u00e4den (z.B. Verbindungsunterbruch, Viren), die aus der Benutzung unserer Website entstehen k\u00f6nnten.<\/p>\n\t\t<\/div>\n\t\t\t\t\t<\/div>\n\n\t\n<\/div>\n<div class=\"row\"  id=\"row-1321113597\">\n\n\t<div id=\"col-1000647089\" class=\"col medium-6 small-12 large-6\"  >\n\t\t\t\t<div class=\"col-inner\"  >\n\t\t\t\n\t\t\t\n<h3>Copyright<\/h3>\n<p>Der gesamte Inhalt dieser Website ist urheberrechtlich gesch\u00fctzt (alle Rechte vorbehalten), s\u00e4mtliche Eigentumsrechte bleiben beim Urheber. Das Herunterladen sowie das Ausdrucken von Inhalten oder Teile davon sind grunds\u00e4tzlich gestattet. Dadurch werden Ihnen jedoch keinerlei Rechte an den Inhalten \u00fcbertragen.<\/p>\n\t\t<\/div>\n\t\t\t\t\t<\/div>\n\n\t\n\n\t<div id=\"col-164739120\" class=\"col medium-6 small-12 large-6\"  >\n\t\t\t\t<div class=\"col-inner\"  >\n\t\t\t\n\t\t\t\n\t\t<\/div>\n\t\t\t\t\t<\/div>\n\n\t\n<\/div>\n","protected":false},"excerpt":{"rendered":"<p>rechtliches<\/p>\n","protected":false},"author":182,"featured_media":0,"parent":0,"menu_order":0,"comment_status":"closed","ping_status":"closed","template":"","meta":{"footnotes":""},"class_list":["post-272","page","type-page","status-publish","hentry"],"_links":{"self":[{"href":"https:\/\/shop.policevalais.ch\/de\/wp-json\/wp\/v2\/pages\/272","targetHints":{"allow":["GET"]}}],"collection":[{"href":"https:\/\/shop.policevalais.ch\/de\/wp-json\/wp\/v2\/pages"}],"about":[{"href":"https:\/\/shop.policevalais.ch\/de\/wp-json\/wp\/v2\/types\/page"}],"author":[{"embeddable":true,"href":"https:\/\/shop.policevalais.ch\/de\/wp-json\/wp\/v2\/users\/182"}],"replies":[{"embeddable":true,"href":"https:\/\/shop.policevalais.ch\/de\/wp-json\/wp\/v2\/comments?post=272"}],"version-history":[{"count":0,"href":"https:\/\/shop.policevalais.ch\/de\/wp-json\/wp\/v2\/pages\/272\/revisions"}],"wp:attachment":[{"href":"https:\/\/shop.policevalais.ch\/de\/wp-json\/wp\/v2\/media?parent=272"}],"curies":[{"name":"wp","href":"https:\/\/api.w.org\/{rel}","templated":true}]}}