{"id":165,"date":"2017-09-20T15:33:20","date_gmt":"2017-09-20T13:33:20","guid":{"rendered":"https:\/\/www.police-vs.ch\/?page_id=165"},"modified":"2017-09-26T16:15:08","modified_gmt":"2017-09-26T14:15:08","slug":"algemeinen-verkaufs-und-lieferbedingungen","status":"publish","type":"page","link":"https:\/\/shop.policevalais.ch\/de\/algemeinen-verkaufs-und-lieferbedingungen\/","title":{"rendered":"Algemeinen Verkaufs-und Lieferbedingungen"},"content":{"rendered":"<h2 class=\"uppercase\">Algemeinen Verkaufs-und Lieferbedingungen<\/h2>\n\t<div id=\"gap-438138721\" class=\"gap-element clearfix\" style=\"display:block; height:auto;\">\n\t\t\n<style>\n#gap-438138721 {\n  padding-top: 40px;\n}\n<\/style>\n\t<\/div>\n\t\n<div class=\"row\"  id=\"row-902809988\">\n\n\t<div id=\"col-1676900758\" class=\"col medium-4 small-12 large-4\"  >\n\t\t\t\t<div class=\"col-inner\"  >\n\t\t\t\n\t\t\t\n<h3>Abholung<\/h3>\n<p>Abholung bei der Information und Pr\u00e4vention der Kantonspolizei, Avenue de France 69, 1950 Sitten, w\u00e4hrend den B\u00fcrozeiten. Barzahlung.<\/p>\n\t\t<\/div>\n\t\t\t\t\t<\/div>\n\n\t\n\n\t<div id=\"col-1066032697\" class=\"col medium-4 small-12 large-4\"  >\n\t\t\t\t<div class=\"col-inner\"  >\n\t\t\t\n\t\t\t\n<h3>Postversand<\/h3>\n<p>Nachdem die Bestellung bei uns eingegangen ist, senden wir Ihnen die gew\u00fcnschte Ware und die Rechnung. Die Preisangaben enthalten nicht die Versandspesen, diese gehen zu Ihren Lasten. Die bestellten Artikel werden Ihnen per Post zugestellt.\u00a0Der Versand ist nur innerhalb der Schweiz m\u00f6glich.<\/p>\n\t\t<\/div>\n\t\t\t\t\t<\/div>\n\n\t\n\n\t<div id=\"col-230026818\" class=\"col medium-4 small-12 large-4\"  >\n\t\t\t\t<div class=\"col-inner\"  >\n\t\t\t\n\t\t\t\n<h3>Allf\u00e4llige M\u00e4ngel und Reklamationen<\/h3>\n<p>Allf\u00e4llige M\u00e4ngel m\u00fcssen der Information und Pr\u00e4vention der Kantonspolizei innerhalb von 7 Tagen nach Empfang der Ware gemeldet werden.<\/p>\n\t\t<\/div>\n\t\t\t\t\t<\/div>\n\n\t\n<\/div>\n","protected":false},"excerpt":{"rendered":"<p>Algemeinen Verkaufs-und Lieferbedingungen<\/p>\n","protected":false},"author":182,"featured_media":0,"parent":0,"menu_order":0,"comment_status":"closed","ping_status":"closed","template":"","meta":{"footnotes":""},"class_list":["post-165","page","type-page","status-publish","hentry"],"_links":{"self":[{"href":"https:\/\/shop.policevalais.ch\/de\/wp-json\/wp\/v2\/pages\/165","targetHints":{"allow":["GET"]}}],"collection":[{"href":"https:\/\/shop.policevalais.ch\/de\/wp-json\/wp\/v2\/pages"}],"about":[{"href":"https:\/\/shop.policevalais.ch\/de\/wp-json\/wp\/v2\/types\/page"}],"author":[{"embeddable":true,"href":"https:\/\/shop.policevalais.ch\/de\/wp-json\/wp\/v2\/users\/182"}],"replies":[{"embeddable":true,"href":"https:\/\/shop.policevalais.ch\/de\/wp-json\/wp\/v2\/comments?post=165"}],"version-history":[{"count":0,"href":"https:\/\/shop.policevalais.ch\/de\/wp-json\/wp\/v2\/pages\/165\/revisions"}],"wp:attachment":[{"href":"https:\/\/shop.policevalais.ch\/de\/wp-json\/wp\/v2\/media?parent=165"}],"curies":[{"name":"wp","href":"https:\/\/api.w.org\/{rel}","templated":true}]}}